{"id":1719,"date":"2020-07-28T02:09:19","date_gmt":"2020-07-28T02:09:19","guid":{"rendered":"https:\/\/radiored.com.mx\/blog\/?page_id=1719"},"modified":"2023-07-20T23:49:42","modified_gmt":"2023-07-20T23:49:42","slug":"radios-para-escuelas","status":"publish","type":"page","link":"https:\/\/radiored.com.mx\/blog\/radios-para-escuelas\/","title":{"rendered":"RADIOS PARA ESCUELAS"},"content":{"rendered":"\n<p>Las radios port\u00e1tiles fueron dise\u00f1adas inicialmente s\u00f3lo para uso militar. Eran el medio que utilizaban para comunicarse, r\u00e1pido, eficiente y de forma fiable a corta distancia. Pero hoy estos se han extendido a otros \u00e1mbitos, por ejemplo, cada vez es m\u00e1s com\u00fan el uso de <strong>radios para escuelas<\/strong>.<\/p>\n\n\n\n<p>Las radios port\u00e1tiles de transmisi\u00f3n y recepci\u00f3n por a\u00f1os han servido como el medio de comunicaci\u00f3n ideal en los diferentes organismos de seguridad a nivel mundial, adem\u00e1s mantienen en contacto directo&nbsp; a los involucrados en una obra en construcci\u00f3n.<\/p>\n\n\n\n<h2 class=\"wp-block-heading\">\u00bfPor qu\u00e9 es importante usar radios en las escuelas?<\/h2>\n\n\n\n<figure class=\"wp-block-image aligncenter size-large\"><img fetchpriority=\"high\" decoding=\"async\" width=\"800\" height=\"533\" src=\"https:\/\/radiored.com.mx\/blog\/wp-content\/uploads\/2020\/07\/room-education-classroom-children-library-students-1237486-pxhere.com_-1.jpg\" alt=\"Por qu\u00e9 es importante usar radios en las escuelas\" class=\"wp-image-1724\" srcset=\"https:\/\/radiored.com.mx\/blog\/wp-content\/uploads\/2020\/07\/room-education-classroom-children-library-students-1237486-pxhere.com_-1.jpg 800w, https:\/\/radiored.com.mx\/blog\/wp-content\/uploads\/2020\/07\/room-education-classroom-children-library-students-1237486-pxhere.com_-1-300x200.jpg 300w, https:\/\/radiored.com.mx\/blog\/wp-content\/uploads\/2020\/07\/room-education-classroom-children-library-students-1237486-pxhere.com_-1-768x512.jpg 768w\" sizes=\"(max-width: 800px) 100vw, 800px\" \/><figcaption class=\"wp-element-caption\">Garantizan una eficiente comunicaci\u00f3n dentro de la escuela. <\/figcaption><\/figure>\n\n\n\n<p>Quiz\u00e1s el \u00e1mbito m\u00e1s novel es el educativo. Un \u00e1rea donde la comunicaci\u00f3n efectiva y a tiempo es fundamental para poder garantizarles a los estudiantes y personal&nbsp;un entorno seguro.<\/p>\n\n\n\n<p>Las radios para escuelas son una excelente opci\u00f3n para conectar al personal de seguridad, docentes, mantenimiento, personal administrativo o directivo de una instituci\u00f3n, los radios garantizan una eficiente comunicaci\u00f3n dentro de la escuela, ya que con una sola llamada es posible transmitir un mensaje a todo el grupo de colaboradores, ya sea una se\u00f1al de alarma, el comienzo de una actividad, coordinar un desfile, etc.  <\/p>\n\n\n\n<p>El objetivo principal es garantizar una respuesta inmediata ante cualquier situaci\u00f3n de emergencia dentro del recinto escolar.<\/p>\n\n\n\n<p>En general se trata de dispositivos port\u00e1tiles bastante accesibles, es decir en una instituci\u00f3n educativa se pueden adquirir varios radios para ser repartidos entre su personal docente, administrativo , mantenimiento y de seguridad.<\/p>\n\n\n\n<p><strong>Adquirir radios para escuela<\/strong> es&nbsp; la mejor&nbsp; forma de priorizar la seguridad, lo que sin duda representara un valor agregado para cualquier instituci\u00f3n.<\/p>\n\n\n\n<p>Contar con radios en la escuela es poder tener una comunicaci\u00f3n eficaz &nbsp;y resolver en tiempo real cualquier situaci\u00f3n de alerta dentro de las aulas o en el entorno cercano a la instituci\u00f3n.<\/p>\n\n\n\n<h2 class=\"wp-block-heading\">\u00bfCu\u00e1l es la mejor opci\u00f3n de radio para escuelas?<\/h2>\n\n\n\n<p>Si necesita tener un medio de comunicaci\u00f3n confiable y&nbsp; eficaz&nbsp; en su instituci\u00f3n le recomendamos el <strong><a href=\"https:\/\/radiored.com.mx\/440-480-mhz-practico-y-ligero-mil-std-810-16-canales-dtmf-ip54-vox-scan-incluye-antena-bateria-cargador-y-clip-tk-3000-kv2-sys-tk-3000-kv2.html\">radio para escuela TK 3000<\/a>.<\/strong><\/p>\n\n\n\n<p>Se trata de una soluci\u00f3n inteligente de comunicaci\u00f3n, adem\u00e1s es un dispositivo port\u00e1til que &nbsp;se ajusta perfectamente a los presupuestos educativos de hoy en d\u00eda.<\/p>\n\n\n\n<p>El<strong> radio TK 3000 est\u00e1 respaldado por Kenwood,<\/strong> una marca l\u00edder en el rubro, es decir, si adquiere este radio para su escuela&nbsp; tendr\u00e1 un aparato que guarda una excelente relaci\u00f3n calidad- precio.<\/p>\n\n\n\n<p>Pero adem\u00e1s, es un equipo bastante f\u00e1cil de operar, su personal no tendr\u00e1 problemas con este radio en sus manos.<\/p>\n\n\n\n<p>Cuenta con un&nbsp; dise\u00f1o ergon\u00f3mico y su desempe\u00f1o es \u00fanico, ideal para comunicaciones inmediatas.<\/p>\n\n\n\n<p>La forma de manejar <strong>el radio TK 3000 es bastante amigable<\/strong>, cuenta con funci\u00f3n Scan y 16 canales a los cuales se les puede asignar tonos DQT y QT para suprimir comunicaciones no deseadas.<\/p>\n\n\n\n<p>Es un equipo bastante ligero as\u00ed que su personal administrativo y docente lo podr\u00e1 llevar sin problemas en un bolsillo&nbsp; o en sus bolsos, pasando totalmente desapercibido.<\/p>\n\n\n\n<p>Tambi\u00e9n tiene una tecla lateral donde podr\u00e1 activar un m\u00e1ximo de 2 funciones seg\u00fan las requiera.<\/p>\n\n\n\n<p>Cuando se trata de <strong>radios para escuelas<\/strong>, las instituciones prefieren el TK 3000 porque, adem\u00e1s de eficiente y confiable, es robusto y resistente.<\/p>\n\n\n\n<p>Est\u00e1 dise\u00f1ado para soportar ca\u00eddas y&nbsp; para trabajar bajo cualquier ambiente siendo resistente a la humedad.<\/p>\n\n\n\n<h2 class=\"wp-block-heading\">Algunas &nbsp;caracter\u00edsticas t\u00e9cnicas de este port\u00e1til a continuaci\u00f3n:<\/h2>\n\n\n\n<ul class=\"wp-block-list\">\n<li>El radio funciona con potencia de 5Watts en VHF y con potencia 4Watts en UHF.<\/li>\n\n\n\n<li>Incluye ahorrador de bater\u00eda y luz LED indicador con tres colores disponibles.<\/li>\n\n\n\n<li>Tambi\u00e9n tiene temporizador de trasmisi\u00f3n TOT.<\/li>\n\n\n\n<li>Le alerta si la bater\u00eda esta baja.<\/li>\n\n\n\n<li>12.5Khz o 25Khz es el ancho de canal bajo el que opera.<\/li>\n\n\n\n<li>Incluye una bater\u00eda KNB-65L y su cargador KSC-35SK, la antena y un clip de sujeci\u00f3n.<\/li>\n<\/ul>\n\n\n\n<p>En conclusi\u00f3n, la seguridad en las escuelas debe ser una prioridad. No basta solo con tener un equipo humano&nbsp; que se encargue de garantizar la integridad de alumnos y personal, puede agregar un valor a un aspecto tan importante adquiriendo <strong>radios para escuelas<\/strong>.<\/p>\n","protected":false},"excerpt":{"rendered":"<p>Las radios port\u00e1tiles fueron dise\u00f1adas inicialmente s\u00f3lo para uso militar. Eran el medio que utilizaban para comunicarse, r\u00e1pido, eficiente y de forma fiable a corta distancia. Pero hoy estos se han extendido a otros \u00e1mbitos, por ejemplo, cada vez es m\u00e1s com\u00fan el uso de radios para escuelas. Las radios port\u00e1tiles de transmisi\u00f3n y recepci\u00f3n [&hellip;]<\/p>\n","protected":false},"author":2,"featured_media":0,"parent":0,"menu_order":0,"comment_status":"closed","ping_status":"closed","template":"","meta":{"_uag_custom_page_level_css":"","_mi_skip_tracking":false,"_monsterinsights_sitenote_active":false,"_monsterinsights_sitenote_note":"","_monsterinsights_sitenote_category":0,"site-sidebar-layout":"default","site-content-layout":"default","ast-site-content-layout":"default","site-content-style":"default","site-sidebar-style":"default","ast-global-header-display":"","ast-banner-title-visibility":"","ast-main-header-display":"","ast-hfb-above-header-display":"","ast-hfb-below-header-display":"","ast-hfb-mobile-header-display":"","site-post-title":"","ast-breadcrumbs-content":"","ast-featured-img":"","footer-sml-layout":"","ast-disable-related-posts":"","theme-transparent-header-meta":"default","adv-header-id-meta":"","stick-header-meta":"default","header-above-stick-meta":"","header-main-stick-meta":"","header-below-stick-meta":"","astra-migrate-meta-layouts":"default","ast-page-background-enabled":"default","ast-page-background-meta":{"desktop":{"background-color":"","background-image":"","background-repeat":"repeat","background-position":"center center","background-size":"auto","background-attachment":"scroll","background-type":"","background-media":"","overlay-type":"","overlay-color":"","overlay-opacity":"","overlay-gradient":""},"tablet":{"background-color":"","background-image":"","background-repeat":"repeat","background-position":"center center","background-size":"auto","background-attachment":"scroll","background-type":"","background-media":"","overlay-type":"","overlay-color":"","overlay-opacity":"","overlay-gradient":""},"mobile":{"background-color":"","background-image":"","background-repeat":"repeat","background-position":"center center","background-size":"auto","background-attachment":"scroll","background-type":"","background-media":"","overlay-type":"","overlay-color":"","overlay-opacity":"","overlay-gradient":""}},"ast-content-background-meta":{"desktop":{"background-color":"var(--ast-global-color-5)","background-image":"","background-repeat":"repeat","background-position":"center center","background-size":"auto","background-attachment":"scroll","background-type":"","background-media":"","overlay-type":"","overlay-color":"","overlay-opacity":"","overlay-gradient":""},"tablet":{"background-color":"var(--ast-global-color-5)","background-image":"","background-repeat":"repeat","background-position":"center center","background-size":"auto","background-attachment":"scroll","background-type":"","background-media":"","overlay-type":"","overlay-color":"","overlay-opacity":"","overlay-gradient":""},"mobile":{"background-color":"var(--ast-global-color-5)","background-image":"","background-repeat":"repeat","background-position":"center center","background-size":"auto","background-attachment":"scroll","background-type":"","background-media":"","overlay-type":"","overlay-color":"","overlay-opacity":"","overlay-gradient":""}},"footnotes":""},"class_list":["post-1719","page","type-page","status-publish","hentry"],"yoast_head":"<!-- This site is optimized with the Yoast SEO Premium plugin v20.11 (Yoast SEO v27.3) - https:\/\/yoast.com\/product\/yoast-seo-premium-wordpress\/ -->\n<title>Radios para Escuelas: Las mejores radios para una comunicaci\u00f3n efectiva<\/title>\n<meta name=\"description\" content=\"La seguridad en las escuelas es un asunto que se debe priorizar, por eso se recomienda el uso de radios para escuelas. Ent\u00e9rese a continuaci\u00f3n.\" \/>\n<meta name=\"robots\" content=\"index, follow, max-snippet:-1, max-image-preview:large, max-video-preview:-1\" \/>\n<link rel=\"canonical\" href=\"https:\/\/radiored.com.mx\/blog\/radios-para-escuelas\/\" \/>\n<meta property=\"og:locale\" content=\"es_MX\" \/>\n<meta property=\"og:type\" content=\"article\" \/>\n<meta property=\"og:title\" content=\"RADIOS PARA ESCUELAS\" \/>\n<meta property=\"og:description\" content=\"La seguridad en las escuelas es un asunto que se debe priorizar, por eso se recomienda el uso de radios para escuelas. Ent\u00e9rese a continuaci\u00f3n.\" \/>\n<meta property=\"og:url\" content=\"https:\/\/radiored.com.mx\/blog\/radios-para-escuelas\/\" \/>\n<meta property=\"og:site_name\" content=\"Radios kenwood | Blog de Radiored\" \/>\n<meta property=\"article:modified_time\" content=\"2023-07-20T23:49:42+00:00\" \/>\n<meta property=\"og:image\" content=\"https:\/\/radiored.com.mx\/blog\/wp-content\/uploads\/2020\/07\/room-education-classroom-children-library-students-1237486-pxhere.com_-1.jpg\" \/>\n<meta name=\"twitter:card\" content=\"summary_large_image\" \/>\n<meta name=\"twitter:label1\" content=\"Tiempo de lectura\" \/>\n\t<meta name=\"twitter:data1\" content=\"4 minutos\" \/>\n<script type=\"application\/ld+json\" class=\"yoast-schema-graph\">{\"@context\":\"https:\\\/\\\/schema.org\",\"@graph\":[{\"@type\":\"WebPage\",\"@id\":\"https:\\\/\\\/radiored.com.mx\\\/blog\\\/radios-para-escuelas\\\/\",\"url\":\"https:\\\/\\\/radiored.com.mx\\\/blog\\\/radios-para-escuelas\\\/\",\"name\":\"Radios para Escuelas: Las mejores radios para una comunicaci\u00f3n efectiva\",\"isPartOf\":{\"@id\":\"https:\\\/\\\/radiored.com.mx\\\/blog\\\/#website\"},\"primaryImageOfPage\":{\"@id\":\"https:\\\/\\\/radiored.com.mx\\\/blog\\\/radios-para-escuelas\\\/#primaryimage\"},\"image\":{\"@id\":\"https:\\\/\\\/radiored.com.mx\\\/blog\\\/radios-para-escuelas\\\/#primaryimage\"},\"thumbnailUrl\":\"https:\\\/\\\/radiored.com.mx\\\/blog\\\/wp-content\\\/uploads\\\/2020\\\/07\\\/room-education-classroom-children-library-students-1237486-pxhere.com_-1.jpg\",\"datePublished\":\"2020-07-28T02:09:19+00:00\",\"dateModified\":\"2023-07-20T23:49:42+00:00\",\"description\":\"La seguridad en las escuelas es un asunto que se debe priorizar, por eso se recomienda el uso de radios para escuelas. Ent\u00e9rese a continuaci\u00f3n.\",\"breadcrumb\":{\"@id\":\"https:\\\/\\\/radiored.com.mx\\\/blog\\\/radios-para-escuelas\\\/#breadcrumb\"},\"inLanguage\":\"es\",\"potentialAction\":[{\"@type\":\"ReadAction\",\"target\":[\"https:\\\/\\\/radiored.com.mx\\\/blog\\\/radios-para-escuelas\\\/\"]}]},{\"@type\":\"ImageObject\",\"inLanguage\":\"es\",\"@id\":\"https:\\\/\\\/radiored.com.mx\\\/blog\\\/radios-para-escuelas\\\/#primaryimage\",\"url\":\"https:\\\/\\\/radiored.com.mx\\\/blog\\\/wp-content\\\/uploads\\\/2020\\\/07\\\/room-education-classroom-children-library-students-1237486-pxhere.com_-1.jpg\",\"contentUrl\":\"https:\\\/\\\/radiored.com.mx\\\/blog\\\/wp-content\\\/uploads\\\/2020\\\/07\\\/room-education-classroom-children-library-students-1237486-pxhere.com_-1.jpg\",\"width\":800,\"height\":533,\"caption\":\"Educaci\u00f3n\"},{\"@type\":\"BreadcrumbList\",\"@id\":\"https:\\\/\\\/radiored.com.mx\\\/blog\\\/radios-para-escuelas\\\/#breadcrumb\",\"itemListElement\":[{\"@type\":\"ListItem\",\"position\":1,\"name\":\"Home\",\"item\":\"https:\\\/\\\/radiored.com.mx\\\/blog\\\/\"},{\"@type\":\"ListItem\",\"position\":2,\"name\":\"RADIOS PARA ESCUELAS\"}]},{\"@type\":\"WebSite\",\"@id\":\"https:\\\/\\\/radiored.com.mx\\\/blog\\\/#website\",\"url\":\"https:\\\/\\\/radiored.com.mx\\\/blog\\\/\",\"name\":\"Radios kenwood | Blog de Radiored\",\"description\":\"Blog sobre Radiocomuniaci\u00f3n\",\"publisher\":{\"@id\":\"https:\\\/\\\/radiored.com.mx\\\/blog\\\/#organization\"},\"potentialAction\":[{\"@type\":\"SearchAction\",\"target\":{\"@type\":\"EntryPoint\",\"urlTemplate\":\"https:\\\/\\\/radiored.com.mx\\\/blog\\\/?s={search_term_string}\"},\"query-input\":{\"@type\":\"PropertyValueSpecification\",\"valueRequired\":true,\"valueName\":\"search_term_string\"}}],\"inLanguage\":\"es\"},{\"@type\":\"Organization\",\"@id\":\"https:\\\/\\\/radiored.com.mx\\\/blog\\\/#organization\",\"name\":\"Radios kenwood | Blog de Radiored\",\"url\":\"https:\\\/\\\/radiored.com.mx\\\/blog\\\/\",\"logo\":{\"@type\":\"ImageObject\",\"inLanguage\":\"es\",\"@id\":\"https:\\\/\\\/radiored.com.mx\\\/blog\\\/#\\\/schema\\\/logo\\\/image\\\/\",\"url\":\"https:\\\/\\\/radiored.com.mx\\\/blog\\\/wp-content\\\/uploads\\\/2020\\\/06\\\/logo_opcion_11.png\",\"contentUrl\":\"https:\\\/\\\/radiored.com.mx\\\/blog\\\/wp-content\\\/uploads\\\/2020\\\/06\\\/logo_opcion_11.png\",\"width\":4116,\"height\":3582,\"caption\":\"Radios kenwood | Blog de Radiored\"},\"image\":{\"@id\":\"https:\\\/\\\/radiored.com.mx\\\/blog\\\/#\\\/schema\\\/logo\\\/image\\\/\"}}]}<\/script>\n<!-- \/ Yoast SEO Premium plugin. -->","yoast_head_json":{"title":"Radios para Escuelas: Las mejores radios para una comunicaci\u00f3n efectiva","description":"La seguridad en las escuelas es un asunto que se debe priorizar, por eso se recomienda el uso de radios para escuelas. Ent\u00e9rese a continuaci\u00f3n.","robots":{"index":"index","follow":"follow","max-snippet":"max-snippet:-1","max-image-preview":"max-image-preview:large","max-video-preview":"max-video-preview:-1"},"canonical":"https:\/\/radiored.com.mx\/blog\/radios-para-escuelas\/","og_locale":"es_MX","og_type":"article","og_title":"RADIOS PARA ESCUELAS","og_description":"La seguridad en las escuelas es un asunto que se debe priorizar, por eso se recomienda el uso de radios para escuelas. Ent\u00e9rese a continuaci\u00f3n.","og_url":"https:\/\/radiored.com.mx\/blog\/radios-para-escuelas\/","og_site_name":"Radios kenwood | Blog de Radiored","article_modified_time":"2023-07-20T23:49:42+00:00","og_image":[{"url":"https:\/\/radiored.com.mx\/blog\/wp-content\/uploads\/2020\/07\/room-education-classroom-children-library-students-1237486-pxhere.com_-1.jpg","type":"","width":"","height":""}],"twitter_card":"summary_large_image","twitter_misc":{"Tiempo de lectura":"4 minutos"},"schema":{"@context":"https:\/\/schema.org","@graph":[{"@type":"WebPage","@id":"https:\/\/radiored.com.mx\/blog\/radios-para-escuelas\/","url":"https:\/\/radiored.com.mx\/blog\/radios-para-escuelas\/","name":"Radios para Escuelas: Las mejores radios para una comunicaci\u00f3n efectiva","isPartOf":{"@id":"https:\/\/radiored.com.mx\/blog\/#website"},"primaryImageOfPage":{"@id":"https:\/\/radiored.com.mx\/blog\/radios-para-escuelas\/#primaryimage"},"image":{"@id":"https:\/\/radiored.com.mx\/blog\/radios-para-escuelas\/#primaryimage"},"thumbnailUrl":"https:\/\/radiored.com.mx\/blog\/wp-content\/uploads\/2020\/07\/room-education-classroom-children-library-students-1237486-pxhere.com_-1.jpg","datePublished":"2020-07-28T02:09:19+00:00","dateModified":"2023-07-20T23:49:42+00:00","description":"La seguridad en las escuelas es un asunto que se debe priorizar, por eso se recomienda el uso de radios para escuelas. Ent\u00e9rese a continuaci\u00f3n.","breadcrumb":{"@id":"https:\/\/radiored.com.mx\/blog\/radios-para-escuelas\/#breadcrumb"},"inLanguage":"es","potentialAction":[{"@type":"ReadAction","target":["https:\/\/radiored.com.mx\/blog\/radios-para-escuelas\/"]}]},{"@type":"ImageObject","inLanguage":"es","@id":"https:\/\/radiored.com.mx\/blog\/radios-para-escuelas\/#primaryimage","url":"https:\/\/radiored.com.mx\/blog\/wp-content\/uploads\/2020\/07\/room-education-classroom-children-library-students-1237486-pxhere.com_-1.jpg","contentUrl":"https:\/\/radiored.com.mx\/blog\/wp-content\/uploads\/2020\/07\/room-education-classroom-children-library-students-1237486-pxhere.com_-1.jpg","width":800,"height":533,"caption":"Educaci\u00f3n"},{"@type":"BreadcrumbList","@id":"https:\/\/radiored.com.mx\/blog\/radios-para-escuelas\/#breadcrumb","itemListElement":[{"@type":"ListItem","position":1,"name":"Home","item":"https:\/\/radiored.com.mx\/blog\/"},{"@type":"ListItem","position":2,"name":"RADIOS PARA ESCUELAS"}]},{"@type":"WebSite","@id":"https:\/\/radiored.com.mx\/blog\/#website","url":"https:\/\/radiored.com.mx\/blog\/","name":"Radios kenwood | Blog de Radiored","description":"Blog sobre Radiocomuniaci\u00f3n","publisher":{"@id":"https:\/\/radiored.com.mx\/blog\/#organization"},"potentialAction":[{"@type":"SearchAction","target":{"@type":"EntryPoint","urlTemplate":"https:\/\/radiored.com.mx\/blog\/?s={search_term_string}"},"query-input":{"@type":"PropertyValueSpecification","valueRequired":true,"valueName":"search_term_string"}}],"inLanguage":"es"},{"@type":"Organization","@id":"https:\/\/radiored.com.mx\/blog\/#organization","name":"Radios kenwood | Blog de Radiored","url":"https:\/\/radiored.com.mx\/blog\/","logo":{"@type":"ImageObject","inLanguage":"es","@id":"https:\/\/radiored.com.mx\/blog\/#\/schema\/logo\/image\/","url":"https:\/\/radiored.com.mx\/blog\/wp-content\/uploads\/2020\/06\/logo_opcion_11.png","contentUrl":"https:\/\/radiored.com.mx\/blog\/wp-content\/uploads\/2020\/06\/logo_opcion_11.png","width":4116,"height":3582,"caption":"Radios kenwood | Blog de Radiored"},"image":{"@id":"https:\/\/radiored.com.mx\/blog\/#\/schema\/logo\/image\/"}}]}},"uagb_featured_image_src":{"full":false,"thumbnail":false,"medium":false,"medium_large":false,"large":false,"1536x1536":false,"2048x2048":false},"uagb_author_info":{"display_name":"Luis","author_link":"https:\/\/radiored.com.mx\/blog\/author\/luismalave23gmail-com\/"},"uagb_comment_info":0,"uagb_excerpt":"Las radios port\u00e1tiles fueron dise\u00f1adas inicialmente s\u00f3lo para uso militar. Eran el medio que utilizaban para comunicarse, r\u00e1pido, eficiente y de forma fiable a corta distancia. Pero hoy estos se han extendido a otros \u00e1mbitos, por ejemplo, cada vez es m\u00e1s com\u00fan el uso de radios para escuelas. Las radios port\u00e1tiles de transmisi\u00f3n y recepci\u00f3n&hellip;","_links":{"self":[{"href":"https:\/\/radiored.com.mx\/blog\/wp-json\/wp\/v2\/pages\/1719","targetHints":{"allow":["GET"]}}],"collection":[{"href":"https:\/\/radiored.com.mx\/blog\/wp-json\/wp\/v2\/pages"}],"about":[{"href":"https:\/\/radiored.com.mx\/blog\/wp-json\/wp\/v2\/types\/page"}],"author":[{"embeddable":true,"href":"https:\/\/radiored.com.mx\/blog\/wp-json\/wp\/v2\/users\/2"}],"replies":[{"embeddable":true,"href":"https:\/\/radiored.com.mx\/blog\/wp-json\/wp\/v2\/comments?post=1719"}],"version-history":[{"count":5,"href":"https:\/\/radiored.com.mx\/blog\/wp-json\/wp\/v2\/pages\/1719\/revisions"}],"predecessor-version":[{"id":1889,"href":"https:\/\/radiored.com.mx\/blog\/wp-json\/wp\/v2\/pages\/1719\/revisions\/1889"}],"wp:attachment":[{"href":"https:\/\/radiored.com.mx\/blog\/wp-json\/wp\/v2\/media?parent=1719"}],"curies":[{"name":"wp","href":"https:\/\/api.w.org\/{rel}","templated":true}]}}